{"id":3306,"date":"2017-08-09T09:41:40","date_gmt":"2017-08-09T07:41:40","guid":{"rendered":"http:\/\/neu.morgentau-zinnowitz.de\/?page_id=3306"},"modified":"2021-01-19T15:14:28","modified_gmt":"2021-01-19T14:14:28","slug":"anfahrt","status":"publish","type":"page","link":"https:\/\/www.morgentau-zinnowitz.de\/en\/anfahrt\/","title":{"rendered":"Travel"},"content":{"rendered":"<div class=\"wpb-content-wrapper\">[vc_row css=&#8221;.vc_custom_1502264203560{padding-top: 3% !important;padding-bottom: 3% !important;}&#8221;][vc_column][vc_column_text]<strong>By Car<\/strong><\/p>\n<p>Go via the Autobahn A20 and exit the A20 at G\u00fctzkow, where you then follow the B111 past Wolgast \u2013 over the Peenebr\u00fccke- to Zinnowitz.<\/p>\n<p>Closing times of the<strong> Peenbr\u00fccke Wolgast <\/strong>are as follows:<\/p>\n<ul>\n<li>05.45 \u2013 06.15 Uhr<\/li>\n<li>07.45 \u2013 08.15 Uhr (Mid-March up to the beginning of October) or<\/li>\n<li>08:45 \u2013 09:15 Uhr (Beginning of October up to mid-March)<\/li>\n<li>12.45 \u2013 13.15 Uhr<\/li>\n<li>17.45 \u2013 18.15 Uhr<\/li>\n<li>20.45 \u2013 21.15 Uhr<\/li>\n<li>23.45 \u2013 00.10 Uhr (only commercial shipping, agreement 0381 \u2013 20671144 or UKW-Channel 9)<\/li>\n<\/ul>\n[\/vc_column_text][vc_separator][vc_column_text]<strong>By Train \/ Bus<\/strong><\/p>\n<p>The island Usedom can be reached via train from all regions of the country.<\/p>\n<p>From Nordrhein-Westfalen you can take IC-trains to Z\u00fcssow without additional changes. From Z\u00fcssow, you can then board the Usedomer B\u00e4derbahn going via Wolgast into the different spa towns of the island.<\/p>\n<p>From Dresden\/Erfurt\/ Halle (Saale)\/ Berlin you reach the island Usedom via IC\/EC-trains to Z\u00fcssow. From Z\u00fcssow, you can then board the Usedomer B\u00e4derbahn going via Wolgast into the different spa towns of the island.<\/p>\n<p>Guests from Munich\/Nurnberg can reach the island also via Berlin-Z\u00fcssow and guests travelling from Stuttgart\/Mannheim can take the train to Hamburg-Stralsund with a subsequent connection to the Usedomer B\u00e4derbahn via Wolgast to Usedom.<\/p>\n<p>Please be aware of current construction works affecting the Deutsche Bahn, find all information on <a href=\"http:\/\/bauarbeiten.bahn.de\" target=\"_blank\" rel=\"noopener\"><u>bauarbeiten.bahn.de<\/u><u>. <\/u><\/a>[\/vc_column_text][vc_separator][vc_column_text]<strong>via Plane<br \/>\n<\/strong><\/p>\n<p>From 2017 you can fly directly from D\u00fcsseldorf, Frankfurt, Stuttgart, Basel, Bern and Linz (to the island Usedom). You can then take the Usedomer B\u00e4derbahn or hire a taxi locally to reach your holiday destination.[\/vc_column_text][\/vc_column][\/vc_row]\n<\/div>","protected":false},"excerpt":{"rendered":"<p>[vc_row css=&#8221;.vc_custom_1502264203560{padding-top: 3% !important;padding-bottom: 3% !important;}&#8221;][vc_column][vc_column_text]By Car Go via the Autobahn A20 and exit the A20 at G\u00fctzkow, where you then follow the B111 past Wolgast \u2013 over the Peenebr\u00fccke- to Zinnowitz. Closing times of the Peenbr\u00fccke Wolgast are as follows: 05.45 \u2013 06.15 Uhr 07.45 \u2013 08.15 Uhr (Mid-March up to the beginning of [&hellip;]<\/p>\n","protected":false},"author":1,"featured_media":0,"parent":0,"menu_order":0,"comment_status":"closed","ping_status":"closed","template":"","meta":{"footnotes":""},"class_list":["post-3306","page","type-page","status-publish","hentry"],"translation":{"provider":"WPGlobus","version":"3.0.2","language":"en","enabled_languages":["de","en"],"languages":{"de":{"title":true,"content":true,"excerpt":false},"en":{"title":true,"content":true,"excerpt":false}}},"_links":{"self":[{"href":"https:\/\/www.morgentau-zinnowitz.de\/en\/wp-json\/wp\/v2\/pages\/3306","targetHints":{"allow":["GET"]}}],"collection":[{"href":"https:\/\/www.morgentau-zinnowitz.de\/en\/wp-json\/wp\/v2\/pages"}],"about":[{"href":"https:\/\/www.morgentau-zinnowitz.de\/en\/wp-json\/wp\/v2\/types\/page"}],"author":[{"embeddable":true,"href":"https:\/\/www.morgentau-zinnowitz.de\/en\/wp-json\/wp\/v2\/users\/1"}],"replies":[{"embeddable":true,"href":"https:\/\/www.morgentau-zinnowitz.de\/en\/wp-json\/wp\/v2\/comments?post=3306"}],"version-history":[{"count":6,"href":"https:\/\/www.morgentau-zinnowitz.de\/en\/wp-json\/wp\/v2\/pages\/3306\/revisions"}],"predecessor-version":[{"id":4215,"href":"https:\/\/www.morgentau-zinnowitz.de\/en\/wp-json\/wp\/v2\/pages\/3306\/revisions\/4215"}],"wp:attachment":[{"href":"https:\/\/www.morgentau-zinnowitz.de\/en\/wp-json\/wp\/v2\/media?parent=3306"}],"curies":[{"name":"wp","href":"https:\/\/api.w.org\/{rel}","templated":true}]}}