{"id":4170,"date":"2020-11-19T12:13:57","date_gmt":"2020-11-19T11:13:57","guid":{"rendered":"https:\/\/www.morgentau-zinnowitz.de\/?page_id=4170"},"modified":"2020-11-19T18:46:51","modified_gmt":"2020-11-19T17:46:51","slug":"spaziergang-zinnowitz","status":"publish","type":"page","link":"https:\/\/www.morgentau-zinnowitz.de\/en\/spaziergang-zinnowitz\/","title":{"rendered":"Spaziergang  Zinnowitz"},"content":{"rendered":"<div class=\"wpb-content-wrapper\">[vc_row][vc_column]<h2 class=\"calluna-heading calluna-heading-single-line text-align-left \" ><span>Stadtspaziergang durch Zinnowitz<\/span><\/h2>[\/vc_column][\/vc_row][vc_row][vc_column width=&#8221;2\/3&#8243;][vc_column_text]Liebe G\u00e4ste und Interessenten,<br \/>\nSie erfahren hier nur ein paar Dinge, die nicht unbedingt in der Tourismusbrosch\u00fcre zu finden sind.<\/p>\n<p>Von der Villa Morgentau durch den gegen\u00fcberliegenden Waldweg kommen Sie direkt auf die D\u00fcnenstra\u00dfe, der Parallelstra\u00dfe zur Strandpromenade.<\/p>\n<p>Halten Sie sich gleich links halten, erreichen Sie nach ca. 200m die Galerie \u201eRefugium\u201c.<\/p>\n<p>Wenn Sie dort hingehen, kommen Sie in eine andere Welt\u2026ein bisschen italienisches Lebensflair , Zitronenb\u00e4ume, Palmen und wundersch\u00f6ne Skulpturen und auf dem innenliegenden Hof stehen Tische und St\u00fchle ,die dazu einladen, den Wein aus dem kleinen Laden zu genie\u00dfen. In diesem finden Sie au\u00dfer Wein auch noch allerlei kunstfertige Dinge- neben T\u00f6pfen, B\u00fcchsen, Bildern auch Schmuck.<\/p>\n<p>Gegen\u00fcber vom L\u00e4dchen ist ein kleiner Glaspavillon in dem ebenfalls Kunstobjekte ausgestellt werden \u2026.vom besonderen Osterei bis hin zu kleinen Skulpturen.<\/p>\n<p>Im Sommer werden oft kleine Konzerte gegeben und von Mai bis Oktober wechselnde Ausstellungen gezeigt.[\/vc_column_text][\/vc_column][vc_column width=&#8221;1\/3&#8243;][vc_single_image image=&#8221;4171&#8243; img_size=&#8221;large&#8221;][\/vc_column][\/vc_row][vc_row][vc_column][vc_empty_space height=&#8221;50px&#8221;][\/vc_column][\/vc_row][vc_row full_width=&#8221;stretch_row&#8221; content_placement=&#8221;bottom&#8221; css=&#8221;.vc_custom_1605786869932{background-color: #f2f2f2 !important;}&#8221;][vc_column]<h2 class=\"calluna-heading calluna-heading-none text-align-center \" ><span>Usedom - die Insel f\u00fcr alle Aktiven, Naturliebhaber und Geniesser!<\/span><\/h2>[\/vc_column][\/vc_row]\n<\/div>","protected":false},"excerpt":{"rendered":"<p>[vc_row][vc_column][\/vc_column][\/vc_row][vc_row][vc_column width=&#8221;2\/3&#8243;][vc_column_text]Liebe G\u00e4ste und Interessenten, Sie erfahren hier nur ein paar Dinge, die nicht unbedingt in der Tourismusbrosch\u00fcre zu finden sind. Von der Villa Morgentau durch den gegen\u00fcberliegenden Waldweg kommen Sie direkt auf die D\u00fcnenstra\u00dfe, der Parallelstra\u00dfe zur Strandpromenade. Halten Sie sich gleich links halten, erreichen Sie nach ca. 200m die Galerie \u201eRefugium\u201c. Wenn Sie [&hellip;]<\/p>\n","protected":false},"author":1,"featured_media":0,"parent":0,"menu_order":0,"comment_status":"closed","ping_status":"closed","template":"","meta":{"footnotes":""},"class_list":["post-4170","page","type-page","status-publish","hentry"],"translation":{"provider":"WPGlobus","version":"3.0.2","language":"en","enabled_languages":["de","en"],"languages":{"de":{"title":true,"content":true,"excerpt":false},"en":{"title":false,"content":false,"excerpt":false}}},"_links":{"self":[{"href":"https:\/\/www.morgentau-zinnowitz.de\/en\/wp-json\/wp\/v2\/pages\/4170","targetHints":{"allow":["GET"]}}],"collection":[{"href":"https:\/\/www.morgentau-zinnowitz.de\/en\/wp-json\/wp\/v2\/pages"}],"about":[{"href":"https:\/\/www.morgentau-zinnowitz.de\/en\/wp-json\/wp\/v2\/types\/page"}],"author":[{"embeddable":true,"href":"https:\/\/www.morgentau-zinnowitz.de\/en\/wp-json\/wp\/v2\/users\/1"}],"replies":[{"embeddable":true,"href":"https:\/\/www.morgentau-zinnowitz.de\/en\/wp-json\/wp\/v2\/comments?post=4170"}],"version-history":[{"count":3,"href":"https:\/\/www.morgentau-zinnowitz.de\/en\/wp-json\/wp\/v2\/pages\/4170\/revisions"}],"predecessor-version":[{"id":4190,"href":"https:\/\/www.morgentau-zinnowitz.de\/en\/wp-json\/wp\/v2\/pages\/4170\/revisions\/4190"}],"wp:attachment":[{"href":"https:\/\/www.morgentau-zinnowitz.de\/en\/wp-json\/wp\/v2\/media?parent=4170"}],"curies":[{"name":"wp","href":"https:\/\/api.w.org\/{rel}","templated":true}]}}