{"id":4177,"date":"2020-11-19T12:29:03","date_gmt":"2020-11-19T11:29:03","guid":{"rendered":"https:\/\/www.morgentau-zinnowitz.de\/?page_id=4177"},"modified":"2020-11-19T19:08:35","modified_gmt":"2020-11-19T18:08:35","slug":"tagesausflug-neppermin","status":"publish","type":"page","link":"https:\/\/www.morgentau-zinnowitz.de\/en\/tagesausflug-neppermin\/","title":{"rendered":"Tagesausflug Neppermin"},"content":{"rendered":"<div class=\"wpb-content-wrapper\">[vc_row][vc_column]<h2 class=\"calluna-heading calluna-heading-single-line text-align-left \" ><span>Tagestour nach Neppermin<\/span><\/h2>[\/vc_column][\/vc_row][vc_row][vc_column width=&#8221;2\/3&#8243;][vc_column_text]Die Entfernung nach Neppermin betr\u00e4gt ca. 24km. Sie fahren die B111 in Richtung Heringsdorf.<\/p>\n<p>Reisen Sie mit kleinen oder gr\u00f6\u00dferen Kindern, bietet es sich an, einen kleinen Zwischenstopp in <a href=\"https:\/\/www.karls.de\" target=\"_blank\" rel=\"noopener noreferrer\">Karls Erdbeerhof<\/a> in Koserow einzulegen (die Rutsche macht Gro\u00df und Klein Spa\u00df!! (Eintritt u Rutsche kostenlos) oder hinter \u00dcckeritz eine Kletterpartie im <a href=\"https:\/\/www.kletterwald-usedom.de\" target=\"_blank\" rel=\"noopener noreferrer\">Kletterwald Usedom<\/a> in Neu Pudagla (Abfahrt Hafen Stagnie\u00df) zu absolvieren (f\u00fcr Kinder ab 6 Jahre).<br \/>\nHinter \u00dcckeritz biegen bei Schmollnsee rechts Richtung Anklam ab.<br \/>\nZwei, drei Kilometer weiter auf der linken Seite sehen Sie die <a href=\"http:\/\/www.usedom-bockwindmuehle-pudagla.de\" target=\"_blank\" rel=\"noopener noreferrer\">Bockwindm\u00fchle Pudagla<\/a>. Biegen Sie ab und sehen Sie sich einmal das ganze Areal an. Es lohnt sich und ganz nebenbei lernt man auch noch etwas.<\/p>\n<p>Neppermin erreichen Sie nach ein paar weiteren Kilometern . Ein Parkplatz f\u00fcr Auto oder Rad ist direkt am \u201e<a href=\"https:\/\/www.nepperminer-fischpalast.de\" target=\"_blank\" rel=\"noopener noreferrer\">Nepperminer Fischpalast<\/a>\u201c.<br \/>\nDer Nepperminer Fischpalast bietet fast ausschlie\u00dflich Fisch an, ganz frisch, niedrig bis hochpreisig(Lobsteressen), aber alles mit freundlicher Selbstbedienung. Es ist eines meiner Lieblingsrestaurants, auch wegen der wunderbaren Lage am Nepperminer See.<br \/>\nNach dem Essen k\u00f6nnen Sie auf einem sch\u00f6nen Spazierweg um den Nepperminer See herum laufen oder radeln.<br \/>\nWenn Sie links herum beginnen, kommen Sie nach ca. 600m auch zur Anlegestelle der Adler Schiffe.<br \/>\nSollten Sie vom vielen Laufen oder Radeln wieder hungrig geworden sein, spazieren Sie die Schulstra\u00dfe hinauf ins Caf\u00e9 \u201e<a href=\"http:\/\/www.cafe-tantewally.de\/\" target=\"_blank\" rel=\"noopener noreferrer\">Tante Wally<\/a>\u201c und bestellen sich ein St\u00fcck Selbstgebackenes. Verweilen Sie ruhig und genie\u00dfen den sch\u00f6nen Bauerngarten.<\/p>\n<p>Danach w\u00fcnsche ich Ihnen eine gute Heimfahrt.[\/vc_column_text][\/vc_column][vc_column width=&#8221;1\/3&#8243;][vc_row_inner][vc_column_inner][vc_single_image image=&#8221;4182&#8243; img_size=&#8221;large&#8221;][\/vc_column_inner][\/vc_row_inner][vc_row_inner][vc_column_inner][vc_single_image image=&#8221;4183&#8243; img_size=&#8221;large&#8221;][\/vc_column_inner][\/vc_row_inner][vc_row_inner][vc_column_inner][vc_single_image image=&#8221;4184&#8243; img_size=&#8221;large&#8221;][\/vc_column_inner][\/vc_row_inner][\/vc_column][\/vc_row][vc_row][vc_column width=&#8221;1\/3&#8243;][vc_single_image image=&#8221;4185&#8243; img_size=&#8221;large&#8221;][\/vc_column][vc_column width=&#8221;1\/3&#8243;][vc_single_image image=&#8221;4186&#8243; img_size=&#8221;large&#8221;][\/vc_column][vc_column width=&#8221;1\/3&#8243;][vc_single_image image=&#8221;4187&#8243; img_size=&#8221;large&#8221;][\/vc_column][\/vc_row][vc_row][vc_column][vc_empty_space height=&#8221;50px&#8221;][\/vc_column][\/vc_row][vc_row full_width=&#8221;stretch_row&#8221; css=&#8221;.vc_custom_1605784924364{background-color: #f2f2f2 !important;}&#8221;][vc_column]<h2 class=\"calluna-heading calluna-heading-none text-align-center \" ><span>Usedom - die Insel f\u00fcr alle Aktiven, Naturliebhaber und Geniesser!<\/span><\/h2>[\/vc_column][\/vc_row]\n<\/div>","protected":false},"excerpt":{"rendered":"<p>[vc_row][vc_column][\/vc_column][\/vc_row][vc_row][vc_column width=&#8221;2\/3&#8243;][vc_column_text]Die Entfernung nach Neppermin betr\u00e4gt ca. 24km. Sie fahren die B111 in Richtung Heringsdorf. Reisen Sie mit kleinen oder gr\u00f6\u00dferen Kindern, bietet es sich an, einen kleinen Zwischenstopp in Karls Erdbeerhof in Koserow einzulegen (die Rutsche macht Gro\u00df und Klein Spa\u00df!! (Eintritt u Rutsche kostenlos) oder hinter \u00dcckeritz eine Kletterpartie im Kletterwald Usedom in [&hellip;]<\/p>\n","protected":false},"author":1,"featured_media":0,"parent":0,"menu_order":0,"comment_status":"closed","ping_status":"closed","template":"","meta":{"footnotes":""},"class_list":["post-4177","page","type-page","status-publish","hentry"],"translation":{"provider":"WPGlobus","version":"3.0.2","language":"en","enabled_languages":["de","en"],"languages":{"de":{"title":true,"content":true,"excerpt":false},"en":{"title":false,"content":false,"excerpt":false}}},"_links":{"self":[{"href":"https:\/\/www.morgentau-zinnowitz.de\/en\/wp-json\/wp\/v2\/pages\/4177","targetHints":{"allow":["GET"]}}],"collection":[{"href":"https:\/\/www.morgentau-zinnowitz.de\/en\/wp-json\/wp\/v2\/pages"}],"about":[{"href":"https:\/\/www.morgentau-zinnowitz.de\/en\/wp-json\/wp\/v2\/types\/page"}],"author":[{"embeddable":true,"href":"https:\/\/www.morgentau-zinnowitz.de\/en\/wp-json\/wp\/v2\/users\/1"}],"replies":[{"embeddable":true,"href":"https:\/\/www.morgentau-zinnowitz.de\/en\/wp-json\/wp\/v2\/comments?post=4177"}],"version-history":[{"count":6,"href":"https:\/\/www.morgentau-zinnowitz.de\/en\/wp-json\/wp\/v2\/pages\/4177\/revisions"}],"predecessor-version":[{"id":4197,"href":"https:\/\/www.morgentau-zinnowitz.de\/en\/wp-json\/wp\/v2\/pages\/4177\/revisions\/4197"}],"wp:attachment":[{"href":"https:\/\/www.morgentau-zinnowitz.de\/en\/wp-json\/wp\/v2\/media?parent=4177"}],"curies":[{"name":"wp","href":"https:\/\/api.w.org\/{rel}","templated":true}]}}